{"id":63,"date":"2024-02-25T21:59:30","date_gmt":"2024-02-25T21:59:30","guid":{"rendered":"https:\/\/taspremium.pt\/stg\/inicio-espanol\/"},"modified":"2025-12-08T19:19:19","modified_gmt":"2025-12-08T19:19:19","slug":"inicio-espanol","status":"publish","type":"page","link":"https:\/\/taspremium.pt\/es\/inicio-espanol\/","title":{"rendered":"In\u00edcio &#8211; ES"},"content":{"rendered":"<div data-elementor-type=\"wp-page\" data-elementor-id=\"63\" class=\"elementor elementor-63\">\n\t\t\t\t\t\t<section class=\"elementor-section elementor-top-section elementor-element elementor-element-50484d8 elementor-section-stretched elementor-section-height-min-height aux-appear-watch-animation aux-fade-in-down elementor-section-full_width elementor-section-content-middle animated-fast elementor-section-height-default elementor-section-items-middle elementor-invisible\" data-id=\"50484d8\" data-element_type=\"section\" data-settings=\"{&quot;stretch_section&quot;:&quot;section-stretched&quot;,&quot;shape_divider_bottom&quot;:&quot;mountains&quot;,&quot;animation&quot;:&quot;fadeIn&quot;}\">\n\t\t\t\t\t<div class=\"elementor-shape elementor-shape-bottom\" data-negative=\"false\">\n\t\t\t<svg xmlns=\"http:\/\/www.w3.org\/2000\/svg\" viewbox=\"0 0 1000 100\" preserveaspectratio=\"none\">\n\t<path class=\"elementor-shape-fill\" opacity=\"0.33\" d=\"M473,67.3c-203.9,88.3-263.1-34-320.3,0C66,119.1,0,59.7,0,59.7V0h1000v59.7 c0,0-62.1,26.1-94.9,29.3c-32.8,3.3-62.8-12.3-75.8-22.1C806,49.6,745.3,8.7,694.9,4.7S492.4,59,473,67.3z\"\/>\n\t<path class=\"elementor-shape-fill\" opacity=\"0.66\" d=\"M734,67.3c-45.5,0-77.2-23.2-129.1-39.1c-28.6-8.7-150.3-10.1-254,39.1 s-91.7-34.4-149.2,0C115.7,118.3,0,39.8,0,39.8V0h1000v36.5c0,0-28.2-18.5-92.1-18.5C810.2,18.1,775.7,67.3,734,67.3z\"\/>\n\t<path class=\"elementor-shape-fill\" d=\"M766.1,28.9c-200-57.5-266,65.5-395.1,19.5C242,1.8,242,5.4,184.8,20.6C128,35.8,132.3,44.9,89.9,52.5C28.6,63.7,0,0,0,0 h1000c0,0-9.9,40.9-83.6,48.1S829.6,47,766.1,28.9z\"\/>\n<\/svg>\t\t<\/div>\n\t\t\t\t\t<div class=\"elementor-container elementor-column-gap-no\">\n\t\t\t\t\t<div class=\"aux-parallax-section elementor-column elementor-col-100 elementor-top-column elementor-element elementor-element-7c4feac8\" data-id=\"7c4feac8\" data-element_type=\"column\">\n\t\t\t<div class=\"elementor-widget-wrap elementor-element-populated\">\n\t\t\t\t\t\t<div class=\"elementor-element elementor-element-9369b2e elementor-widget elementor-widget-depicter_slider\" data-id=\"9369b2e\" data-element_type=\"widget\" data-widget_type=\"depicter_slider.default\">\n\t\t\t\t<div class=\"elementor-widget-container\">\n\t\t\t<style id=\"depicter-9-inline-pre-css\">\n\n.depicter-9:not(.depicter-ready){\n\theight:698px;\n}\n\n\/***** Tablet *****\/\n@media screen and (max-width: 1024px){\n\n.depicter-9:not(.depicter-ready){\n\theight:700px;\n}\n\n}\n\/***** Mobile *****\/\n@media screen and (max-width: 767px){\n\n.depicter-9:not(.depicter-ready){\n\theight:520px;\n}\n\n}\n<\/style>\n<div id=\"depicter-9\" class=\"depicter depicter-document depicter-revert depicter-9 depicter-layout-fullwidth\">\n\n<div class=\"depicter-loading-container depicter-loading dotFlashing-dark\"><div class=\"depicter-loading-dark depicter-dot-flashing\">\n   <span><\/span>\n   <span><\/span>\n   <span><\/span>\n<\/div><\/div>\n<div id=\"depicter-9-section-1\" class=\"depicter-section depicter-9-section-1\" data-name=\"Claim\" data-local-id=\"section-1\">\n<picture id=\"depicter-9-element-6\" class=\"depicter-element depicter-layer depicter-9-element-6\" data-type=\"image\" data-wrap=\"true\" data-name=\"Image 5\" data-local-id=\"element-6\" data-offset=\"x:0px;y:-157px;origin:tl\" data-tablet-offset=\"x:-448px;y:-156px;origin:tl\" data-mobile-offset=\"x:-780px;y:-246px;origin:tl\" data-width=\"1920px,,\" data-height=\"1012px,,\" data-responsive-scale=\"true,,\" data-crop=\"false\">\n<source data-depicter-srcset=\"https:\/\/taspremium.pt\/wp-content\/uploads\/2024\/03\/hero-scaled-1920x1012.jpg, https:\/\/taspremium.pt\/wp-content\/uploads\/2024\/03\/hero-scaled-3840x2024.jpg 2x\" srcset=\"data:image\/gif;base64,R0lGODlhAQABAIAAAAAAAP\/\/\/yH5BAEAAAAALAAAAAABAAEAAAIBRAA7\" \/>\n<img decoding=\"async\" src=\"data:image\/gif;base64,R0lGODlhAQABAIAAAAAAAP\/\/\/yH5BAEAAAAALAAAAAABAAEAAAIBRAA7\" data-depicter-src=\"https:\/\/taspremium.pt\/wp-content\/uploads\/2024\/03\/hero-scaled-1920x1012.jpg\" alt=\"\" \/>\n<\/picture>\n<h1 id=\"depicter-9-element-7\" class=\"depicter-element depicter-layer depicter-9-element-7\" data-type=\"text\" data-wrap=\"true\" data-name=\"Text 1\" data-local-id=\"element-7\" data-offset=\"x:675px;y:313px;origin:tl\" data-tablet-offset=\"x:227px;y:313px;origin:tl\" data-mobile-offset=\"x:67px;y:198px;origin:tl\" data-width=\"auto,,227px\" data-height=\"auto,,auto\" data-responsive-scale=\"true,,\">Empowering your business.<\/h1>\n<\/div>\n<\/div>\n<script>\n(window.depicterSetups = window.depicterSetups || []).push(function(){\n\tDepicter.basePath = 'https:\/\/taspremium.pt\/wp-content\/plugins\/depicter\/resources\/scripts\/player\/';\n\tconst dpPlayer = Depicter.setup('.depicter-9',\n\t\t{\"width\":[\"1920\",\"1024\",\"360\"],\"height\":[\"698\",\"700\",\"520\"],\"view\":\"basic\",\"keepAspectRatio\":true,\"preload\":0,\"layout\":\"fullwidth\",\"rtl\":false,\"initAfterAppear\":false,\"ajaxApiUrl\":\"https:\\\/\\\/taspremium.pt\\\/wp-admin\\\/admin-ajax.php\",\"mouseSwipe\":true,\"touchSwipe\":true,\"useWatermark\":false}\n\t);\n});\n<\/script>\t\t<\/div>\n\t\t\t\t<\/div>\n\t\t\t\t\t<\/div>\n\t\t<\/div>\n\t\t\t\t\t<\/div>\n\t\t<\/section>\n\t\t<div class=\"elementor-element elementor-element-11dab0bf e-flex e-con-boxed elementor-invisible e-con e-parent\" data-id=\"11dab0bf\" data-element_type=\"container\" data-settings=\"{&quot;animation&quot;:&quot;fadeIn&quot;,&quot;animation_delay&quot;:700}\" data-core-v316-plus=\"true\">\n\t\t\t\t\t<div class=\"e-con-inner\">\n\t\t\t\t<div class=\"elementor-element elementor-element-19ef583e elementor-widget elementor-widget-image\" data-id=\"19ef583e\" data-element_type=\"widget\" data-widget_type=\"image.default\">\n\t\t\t\t<div class=\"elementor-widget-container\">\n\t\t\t<style>\/*! elementor - v3.20.0 - 20-03-2024 *\/\n.elementor-widget-image{text-align:center}.elementor-widget-image a{display:inline-block}.elementor-widget-image a img[src$=\".svg\"]{width:48px}.elementor-widget-image img{vertical-align:middle;display:inline-block}<\/style>\t\t\t\t\t\t\t\t\t\t<img decoding=\"async\" src=\"https:\/\/taspremium.pt\/wp-content\/uploads\/2024\/03\/wordpress-logo.svg\" title=\"Tas Premium Icon\" alt=\"Tas Premium Icon\" loading=\"lazy\" \/>\t\t\t\t\t\t\t\t\t\t\t\t\t<\/div>\n\t\t\t\t<\/div>\n\t\t\t\t<div class=\"elementor-element elementor-element-d81f206 elementor-widget elementor-widget-heading\" data-id=\"d81f206\" data-element_type=\"widget\" data-widget_type=\"heading.default\">\n\t\t\t\t<div class=\"elementor-widget-container\">\n\t\t\t<style>\/*! elementor - v3.20.0 - 20-03-2024 *\/\n.elementor-heading-title{padding:0;margin:0;line-height:1}.elementor-widget-heading .elementor-heading-title[class*=elementor-size-]>a{color:inherit;font-size:inherit;line-height:inherit}.elementor-widget-heading .elementor-heading-title.elementor-size-small{font-size:15px}.elementor-widget-heading .elementor-heading-title.elementor-size-medium{font-size:19px}.elementor-widget-heading .elementor-heading-title.elementor-size-large{font-size:29px}.elementor-widget-heading .elementor-heading-title.elementor-size-xl{font-size:39px}.elementor-widget-heading .elementor-heading-title.elementor-size-xxl{font-size:59px}<\/style><h1 class=\"elementor-heading-title elementor-size-default\">Experiencia y Tecnolog\u00eda: <br>la f\u00f3rmula del \u00e9xito<\/h1>\t\t<\/div>\n\t\t\t\t<\/div>\n\t\t\t\t<div class=\"elementor-element elementor-element-3d51cdd3 elementor-widget elementor-widget-text-editor\" data-id=\"3d51cdd3\" data-element_type=\"widget\" data-widget_type=\"text-editor.default\">\n\t\t\t\t<div class=\"elementor-widget-container\">\n\t\t\t<style>\/*! elementor - v3.20.0 - 20-03-2024 *\/\n.elementor-widget-text-editor.elementor-drop-cap-view-stacked .elementor-drop-cap{background-color:#69727d;color:#fff}.elementor-widget-text-editor.elementor-drop-cap-view-framed .elementor-drop-cap{color:#69727d;border:3px solid;background-color:transparent}.elementor-widget-text-editor:not(.elementor-drop-cap-view-default) .elementor-drop-cap{margin-top:8px}.elementor-widget-text-editor:not(.elementor-drop-cap-view-default) .elementor-drop-cap-letter{width:1em;height:1em}.elementor-widget-text-editor .elementor-drop-cap{float:left;text-align:center;line-height:1;font-size:50px}.elementor-widget-text-editor .elementor-drop-cap-letter{display:inline-block}<\/style>\t\t\t\t<p>Con d\u00e9cadas de experiencia combinadas con el dominio de las tecnolog\u00edas m\u00e1s avanzadas, TAS Premium le proporciona un equipo altamente calificado y dedicado, listo para impulsar su negocio hacia nuevos horizontes. Brindamos una gama integral de servicios que incluyen consultor\u00eda experta, excelente soporte t\u00e9cnico y soluciones tecnol\u00f3gicas innovadoras, enfocadas en la impresi\u00f3n digital de gran formato y \u00e1reas complementarias.<\/p><p>Nuestro compromiso es claro: convertir tus ideas en realidad, con la precisi\u00f3n y calidad que s\u00f3lo una empresa de referencia en el sector puede ofrecer.<\/p><p class=\"p1\"><strong>Juntos, creamos el futuro de su negocio.<\/strong><\/p>\t\t\t\t\t\t<\/div>\n\t\t\t\t<\/div>\n\t\t\t\t\t<\/div>\n\t\t\t\t<\/div>\n\t\t<div class=\"elementor-element elementor-element-75b8f7a7 animated-fast e-flex e-con-boxed elementor-invisible e-con e-parent\" data-id=\"75b8f7a7\" data-element_type=\"container\" data-settings=\"{&quot;background_background&quot;:&quot;classic&quot;,&quot;animation&quot;:&quot;fadeIn&quot;}\" data-core-v316-plus=\"true\">\n\t\t\t\t\t<div class=\"e-con-inner\">\n\t\t\t\t<div class=\"elementor-element elementor-element-5a843744 elementor-widget elementor-widget-heading\" data-id=\"5a843744\" data-element_type=\"widget\" data-widget_type=\"heading.default\">\n\t\t\t\t<div class=\"elementor-widget-container\">\n\t\t\t<h3 class=\"elementor-heading-title elementor-size-default\">Lo que dicen nuestros clientes<\/h3>\t\t<\/div>\n\t\t\t\t<\/div>\n\t\t\t\t\t<\/div>\n\t\t\t\t<\/div>\n\t\t<div class=\"elementor-element elementor-element-3240526b e-flex e-con-boxed e-con e-parent\" data-id=\"3240526b\" data-element_type=\"container\" data-settings=\"{&quot;background_background&quot;:&quot;classic&quot;}\" data-core-v316-plus=\"true\">\n\t\t\t\t\t<div class=\"e-con-inner\">\n\t\t<div class=\"elementor-element elementor-element-5f37f327 e-con-full e-flex e-con e-child\" data-id=\"5f37f327\" data-element_type=\"container\">\n\t\t\t\t<div class=\"elementor-element elementor-element-26573913 elementor-widget elementor-widget-aux_testimonial\" data-id=\"26573913\" data-element_type=\"widget\" data-widget_type=\"aux_testimonial.default\">\n\t\t\t\t<div class=\"elementor-widget-container\">\n\t\t\t<section class=\"widget-container aux-widget-testimonial-container aux-parent-aub3934dfb\">    <div class=\"aux-widget-testimonial aux-testimonial-bordered\">\n                <div class=\"aux-testimonial-content\">\n            <div class=\"entry-content\">\n                                \u201cEl servicio prestado por TAS Premium me da tranquilidad en lo que respecta a las m\u00e1quinas por la rapidez de respuesta y soluci\u00f3n.\u201d \u2014 21\/10\/2023            <\/div>\n        <\/div>\n                <div class=\"aux-testimonial-infobox\">\n                        <div class=\"aux-testimonial-info\">\n                                <h4 class=\"col-title\">Andr\u00e9 Ferreira<\/h4>\n                                <h5 class=\"col-subtitle\">Administrador Culto da Imagem \u2013 Lisboa, Portugal<\/h5>\n                            <\/div>\n        <\/div>\n            <\/div>\n\n<\/section><!-- widget-container -->\t\t<\/div>\n\t\t\t\t<\/div>\n\t\t\t\t<\/div>\n\t\t<div class=\"elementor-element elementor-element-76994f77 e-con-full e-flex e-con e-child\" data-id=\"76994f77\" data-element_type=\"container\">\n\t\t\t\t<div class=\"elementor-element elementor-element-1ee41289 elementor-widget elementor-widget-aux_testimonial\" data-id=\"1ee41289\" data-element_type=\"widget\" data-widget_type=\"aux_testimonial.default\">\n\t\t\t\t<div class=\"elementor-widget-container\">\n\t\t\t<section class=\"widget-container aux-widget-testimonial-container aux-parent-au1506f433\">    <div class=\"aux-widget-testimonial aux-testimonial-bordered\">\n                <div class=\"aux-testimonial-content\">\n            <div class=\"entry-content\">\n                                \"Estamos muy satisfechos con el servicio y la disponibilidad de los t\u00e9cnicos\". \u2014 4\/11\/2024\n            <\/div>\n        <\/div>\n                <div class=\"aux-testimonial-infobox\">\n                        <div class=\"aux-testimonial-info\">\n                                <h4 class=\"col-title\">Carlos Calo<\/h4>\n                                <h5 class=\"col-subtitle\">CEO CdeC \u2013 Vigo, Espa\u00f1a<\/h5>\n                            <\/div>\n        <\/div>\n            <\/div>\n\n<\/section><!-- widget-container -->\t\t<\/div>\n\t\t\t\t<\/div>\n\t\t\t\t<\/div>\n\t\t<div class=\"elementor-element elementor-element-7f7f6ea7 e-con-full e-flex e-con e-child\" data-id=\"7f7f6ea7\" data-element_type=\"container\">\n\t\t\t\t<div class=\"elementor-element elementor-element-7fe2bce7 elementor-widget elementor-widget-aux_testimonial\" data-id=\"7fe2bce7\" data-element_type=\"widget\" data-widget_type=\"aux_testimonial.default\">\n\t\t\t\t<div class=\"elementor-widget-container\">\n\t\t\t<section class=\"widget-container aux-widget-testimonial-container aux-parent-au157ab63a\">    <div class=\"aux-widget-testimonial aux-testimonial-bordered\">\n                <div class=\"aux-testimonial-content\">\n            <div class=\"entry-content\">\n                                \"Siempre que es necesario, reparan las m\u00e1quinas de forma r\u00e1pida y competente\". \u2014 18\/12\/2023            <\/div>\n        <\/div>\n                <div class=\"aux-testimonial-infobox\">\n                        <div class=\"aux-testimonial-info\">\n                                <h4 class=\"col-title\">Juan Lopez Martin<\/h4>\n                                <h5 class=\"col-subtitle\">Administrador LOGOMEDIA \u2013 Sevilla, Espa\u00f1a<\/h5>\n                            <\/div>\n        <\/div>\n            <\/div>\n\n<\/section><!-- widget-container -->\t\t<\/div>\n\t\t\t\t<\/div>\n\t\t\t\t<\/div>\n\t\t\t\t\t<\/div>\n\t\t\t\t<\/div>\n\t\t<div class=\"elementor-element elementor-element-148011dd animated-fast e-flex e-con-boxed elementor-invisible e-con e-parent\" data-id=\"148011dd\" data-element_type=\"container\" data-settings=\"{&quot;background_background&quot;:&quot;classic&quot;,&quot;animation&quot;:&quot;fadeIn&quot;}\" data-core-v316-plus=\"true\">\n\t\t\t\t\t<div class=\"e-con-inner\">\n\t\t<div class=\"elementor-element elementor-element-66b808d9 e-con-full e-flex e-con e-child\" data-id=\"66b808d9\" data-element_type=\"container\">\n\t\t\t\t<div class=\"elementor-element elementor-element-71d202b5 elementor-widget elementor-widget-button\" data-id=\"71d202b5\" data-element_type=\"widget\" data-widget_type=\"button.default\">\n\t\t\t\t<div class=\"elementor-widget-container\">\n\t\t\t\t\t<div class=\"elementor-button-wrapper\">\n\t\t\t<a class=\"elementor-button elementor-button-link elementor-size-sm\" href=\"https:\/\/taspremium.pt\/es\/contactos\/\">\n\t\t\t\t\t\t<span class=\"elementor-button-content-wrapper\">\n\t\t\t\t\t\t<span class=\"elementor-button-text\">Cons\u00faltenos<\/span>\n\t\t<\/span>\n\t\t\t\t\t<\/a>\n\t\t<\/div>\n\t\t\t\t<\/div>\n\t\t\t\t<\/div>\n\t\t\t\t<\/div>\n\t\t<div class=\"elementor-element elementor-element-430317d5 e-con-full e-flex e-con e-child\" data-id=\"430317d5\" data-element_type=\"container\">\n\t\t\t\t<div class=\"elementor-element elementor-element-6acd90bf elementor-widget elementor-widget-heading\" data-id=\"6acd90bf\" data-element_type=\"widget\" data-widget_type=\"heading.default\">\n\t\t\t\t<div class=\"elementor-widget-container\">\n\t\t\t<h5 class=\"elementor-heading-title elementor-size-default\">\u00bfTiene alguna pregunta?<\/h5>\t\t<\/div>\n\t\t\t\t<\/div>\n\t\t\t\t<div class=\"elementor-element elementor-element-2b368cf7 elementor-widget elementor-widget-text-editor\" data-id=\"2b368cf7\" data-element_type=\"widget\" data-widget_type=\"text-editor.default\">\n\t\t\t\t<div class=\"elementor-widget-container\">\n\t\t\t\t\t\t\t<p class=\"p1\">Ayudamos a nuestros clientes a elegir la tecnolog\u00eda adecuada para aumentar las ganancias, reducir costos y optimizar la eficiencia. \u00a1Ponte en contacto y aclara tus dudas sin ning\u00fan compromiso!<\/p>\t\t\t\t\t\t<\/div>\n\t\t\t\t<\/div>\n\t\t\t\t<\/div>\n\t\t\t\t\t<\/div>\n\t\t\t\t<\/div>\n\t\t<div class=\"elementor-element elementor-element-30c29b91 e-flex e-con-boxed e-con e-parent\" data-id=\"30c29b91\" data-element_type=\"container\" data-core-v316-plus=\"true\">\n\t\t\t\t\t<div class=\"e-con-inner\">\n\t\t\t\t\t<\/div>\n\t\t\t\t<\/div>\n\t\t\t\t<\/div>","protected":false},"excerpt":{"rendered":"<p>Empowering your business. Experiencia y Tecnolog\u00eda: la f\u00f3rmula del \u00e9xito Con d\u00e9cadas de experiencia combinadas con el dominio de las tecnolog\u00edas m\u00e1s avanzadas, TAS Premium le proporciona un equipo altamente calificado y dedicado, listo para impulsar su negocio hacia nuevos horizontes. Brindamos una gama integral de servicios que incluyen consultor\u00eda experta, excelente soporte t\u00e9cnico y [&hellip;]<\/p>","protected":false},"author":1,"featured_media":0,"parent":0,"menu_order":0,"comment_status":"closed","ping_status":"closed","template":"","meta":{"_monsterinsights_skip_tracking":false,"_monsterinsights_sitenote_active":false,"_monsterinsights_sitenote_note":"","_monsterinsights_sitenote_category":0,"footnotes":""},"class_list":["post-63","page","type-page","status-publish","hentry"],"_links":{"self":[{"href":"https:\/\/taspremium.pt\/es\/wp-json\/wp\/v2\/pages\/63","targetHints":{"allow":["GET"]}}],"collection":[{"href":"https:\/\/taspremium.pt\/es\/wp-json\/wp\/v2\/pages"}],"about":[{"href":"https:\/\/taspremium.pt\/es\/wp-json\/wp\/v2\/types\/page"}],"author":[{"embeddable":true,"href":"https:\/\/taspremium.pt\/es\/wp-json\/wp\/v2\/users\/1"}],"replies":[{"embeddable":true,"href":"https:\/\/taspremium.pt\/es\/wp-json\/wp\/v2\/comments?post=63"}],"version-history":[{"count":32,"href":"https:\/\/taspremium.pt\/es\/wp-json\/wp\/v2\/pages\/63\/revisions"}],"predecessor-version":[{"id":2055,"href":"https:\/\/taspremium.pt\/es\/wp-json\/wp\/v2\/pages\/63\/revisions\/2055"}],"wp:attachment":[{"href":"https:\/\/taspremium.pt\/es\/wp-json\/wp\/v2\/media?parent=63"}],"curies":[{"name":"wp","href":"https:\/\/api.w.org\/{rel}","templated":true}]}}