{"id":1779,"date":"2024-10-01T23:42:37","date_gmt":"2024-10-01T23:42:37","guid":{"rendered":"https:\/\/taspremium.pt\/stg\/?page_id=1779"},"modified":"2024-10-02T00:04:08","modified_gmt":"2024-10-02T00:04:08","slug":"terminos-condiciones","status":"publish","type":"page","link":"https:\/\/taspremium.pt\/es\/terminos-condiciones\/","title":{"rendered":"T\u00e9rminos y Condiciones"},"content":{"rendered":"<div style=\"height:80px\" aria-hidden=\"true\" class=\"wp-block-spacer\"><\/div>\n\n\n\n<p>Tas Premium, Lda. (\u201cTas Premium\u201d) pone a su disposici\u00f3n las presentes T\u00e9rminos y Condiciones que regulan el acceso y el uso del sitio web https:\/\/www.taspremium.pt (\u00abSitio web\u00bb).<\/p>\n\n\n\n<p>El uso del Sitio Web por parte de cualquier visitante (\u00abUsuario\u00bb) se regir\u00e1 por las presentes Condiciones Generales e implica la aceptaci\u00f3n de las mismas por parte del Usuario.<\/p>\n\n\n\n<p>Si el Usuario rechaza estos T\u00e9rminos y Condiciones, deber\u00e1 dejar de utilizar el Sitio Web.<\/p>\n\n\n\n<p>Cualquier cuesti\u00f3n relativa a la protecci\u00f3n de datos y la privacidad puede consultarse en las p\u00e1ginas Pol\u00edtica de Privacidad y Pol\u00edtica de Cookies disponibles en el Sitio Web.<\/p>\n\n\n\n<div style=\"height:16px\" aria-hidden=\"true\" class=\"wp-block-spacer\"><\/div>\n\n\n\n<h2 class=\"wp-block-heading\">Contenido del Sitio Web y Propiedad Intelectual<\/h2>\n\n\n\n<p>El Sitio Web y todos sus contenidos, incluyendo pero no limit\u00e1ndose a textos, noticias, fichas de producto, manuales de usuario, certificaciones, informes, fotograf\u00edas, ilustraciones, im\u00e1genes, v\u00eddeos o audio, as\u00ed como marcas, logotipos, nombres de dominio, y cualesquiera otros elementos y\/u otras formas de derechos de propiedad intelectual, son propiedad de Tas Premium o de terceros. Est\u00e1n protegidos contra el uso, copia o divulgaci\u00f3n no autorizados por las leyes nacionales y los tratados internacionales relativos a los Derechos de Propiedad Intelectual.<\/p>\n\n\n\n<p>De acuerdo con la ley y estos T\u00e9rminos y Condiciones, el Usuario no podr\u00e1 copiar, utilizar, transferir, alquilar, sublicenciar, alterar, adaptar, intentar modificar o alterar el c\u00f3digo fuente, realizar ingenier\u00eda inversa, separar o desensamblar, total o parcialmente, el contenido de este Sitio Web.<\/p>\n\n\n\n<p>El acceso al Sitio Web no otorga al usuario derecho alguno sobre los contenidos suministrados por Tas Premium.<\/p>\n\n\n\n<p>El Sitio Web y toda la informaci\u00f3n y contenidos publicados en el mismo podr\u00e1n ser modificados por Tas Premium en cualquier momento, peri\u00f3dicamente y\/o sin previo aviso.<\/p>\n\n\n\n<p>Al acceder al Sitio Web, el Usuario reconoce y acepta que su contenido puede ser incompleto, inexacto, no estar actualizado o no satisfacer sus necesidades y requisitos.<\/p>\n\n\n\n<div style=\"height:16px\" aria-hidden=\"true\" class=\"wp-block-spacer\"><\/div>\n\n\n\n<h2 class=\"wp-block-heading\">Enlaces a Sitios Externos<\/h2>\n\n\n\n<p>Tas Premium puede proporcionar enlaces en su Sitio Web a sitios web de terceros o a contenidos proporcionados por terceros, \u00fanicamente con fines informativos y para comodidad del Usuario.<\/p>\n\n\n\n<p>Tas Premium no controla los otros sitios web y, por tanto, no es responsable de ellos ni de sus contenidos o productos, ni de los da\u00f1os o perjuicios que puedan derivarse del acceso a los mismos.<\/p>\n\n\n\n<p>El acceso a cualquier otro sitio web a trav\u00e9s de un enlace del sitio web de Tas Premium es responsabilidad exclusiva del Usuario. Tas Premium recomienda revisar la Pol\u00edtica de Privacidad y los T\u00e9rminos y Condiciones de los sitios web externos antes de proporcionar cualquier informaci\u00f3n personal.<\/p>\n\n\n\n<div style=\"height:16px\" aria-hidden=\"true\" class=\"wp-block-spacer\"><\/div>\n\n\n\n<h2 class=\"wp-block-heading\">Interrupci\u00f3n o Suspensi\u00f3n y Acceso<\/h2>\n\n\n\n<p>Tas Premium facilita el acceso a su Sitio Web, sin perjuicio de que \u00e9ste pueda ser suspendido, limitado o interrumpido en cualquier momento, concretamente para permitir operaciones de mantenimiento, o para la introducci\u00f3n de nuevos contenidos, funcionalidades o servicios. En caso de fallo t\u00e9cnico, Tas Premium se esforzar\u00e1 por normalizar el acceso lo antes posible.<\/p>\n\n\n\n<div style=\"height:16px\" aria-hidden=\"true\" class=\"wp-block-spacer\"><\/div>\n\n\n\n<h2 class=\"wp-block-heading\">Actualizaciones de los T\u00e9rminos y Condiciones<\/h2>\n\n\n\n<p>Tas Premium se reserva el derecho, en cualquier momento, sin previo aviso y con efecto inmediato, de modificar, a\u00f1adir o revocar, en parte o en su totalidad, estos T\u00e9rminos y Condiciones, as\u00ed como la Pol\u00edtica de Privacidad y la Pol\u00edtica de Cookies. Cualquier cambio se publicar\u00e1 en las respectivas p\u00e1ginas en l\u00ednea, por lo que le aconsejamos que las consulte con regularidad para mantenerse al d\u00eda.<\/p>\n\n\n\n<div style=\"height:16px\" aria-hidden=\"true\" class=\"wp-block-spacer\"><\/div>\n\n\n\n<h2 class=\"wp-block-heading\">Contacto<\/h2>\n\n\n\n<p>Si tiene alguna pregunta sobre estes T\u00e9rminos y Condiciones o sobre el tratamiento de sus datos personales, p\u00f3ngase en contacto con nosotros por correo electr\u00f3nico en la direcci\u00f3n <a href=\"mailto:service@taspremium.pt\" data-type=\"mailto\" data-id=\"mailto:service@taspremium.pt\">service@taspremium.pt<\/a><\/p>\n\n\n\n<div style=\"height:16px\" aria-hidden=\"true\" class=\"wp-block-spacer\"><\/div>\n\n\n\n<p><em>Fecha de Publicaci\u00f3n: 1 de octubre de 2024<\/em><\/p>\n\n\n\n<div style=\"height:80px\" aria-hidden=\"true\" class=\"wp-block-spacer\"><\/div>\n\n\n\n<p><\/p>","protected":false},"excerpt":{"rendered":"<p>Tas Premium, Lda. (\u201cTas Premium\u201d) pone a su disposici\u00f3n las presentes T\u00e9rminos y Condiciones que regulan el acceso y el uso del sitio web https:\/\/www.taspremium.pt (\u00abSitio web\u00bb). El uso del Sitio Web por parte de cualquier visitante (\u00abUsuario\u00bb) se regir\u00e1 por las presentes Condiciones Generales e implica la aceptaci\u00f3n de las mismas por parte del [&hellip;]<\/p>","protected":false},"author":1,"featured_media":0,"parent":0,"menu_order":0,"comment_status":"closed","ping_status":"closed","template":"","meta":{"_monsterinsights_skip_tracking":false,"_monsterinsights_sitenote_active":false,"_monsterinsights_sitenote_note":"","_monsterinsights_sitenote_category":0,"footnotes":""},"class_list":["post-1779","page","type-page","status-publish","hentry"],"_links":{"self":[{"href":"https:\/\/taspremium.pt\/es\/wp-json\/wp\/v2\/pages\/1779","targetHints":{"allow":["GET"]}}],"collection":[{"href":"https:\/\/taspremium.pt\/es\/wp-json\/wp\/v2\/pages"}],"about":[{"href":"https:\/\/taspremium.pt\/es\/wp-json\/wp\/v2\/types\/page"}],"author":[{"embeddable":true,"href":"https:\/\/taspremium.pt\/es\/wp-json\/wp\/v2\/users\/1"}],"replies":[{"embeddable":true,"href":"https:\/\/taspremium.pt\/es\/wp-json\/wp\/v2\/comments?post=1779"}],"version-history":[{"count":2,"href":"https:\/\/taspremium.pt\/es\/wp-json\/wp\/v2\/pages\/1779\/revisions"}],"predecessor-version":[{"id":1808,"href":"https:\/\/taspremium.pt\/es\/wp-json\/wp\/v2\/pages\/1779\/revisions\/1808"}],"wp:attachment":[{"href":"https:\/\/taspremium.pt\/es\/wp-json\/wp\/v2\/media?parent=1779"}],"curies":[{"name":"wp","href":"https:\/\/api.w.org\/{rel}","templated":true}]}}