{"id":1582,"date":"2024-09-30T22:29:30","date_gmt":"2024-09-30T22:29:30","guid":{"rendered":"https:\/\/taspremium.pt\/stg\/?page_id=1582"},"modified":"2025-12-29T17:23:48","modified_gmt":"2025-12-29T17:23:48","slug":"contactos","status":"publish","type":"page","link":"https:\/\/taspremium.pt\/es\/contactos\/","title":{"rendered":"Contactos"},"content":{"rendered":"<div data-elementor-type=\"wp-page\" data-elementor-id=\"1582\" class=\"elementor elementor-1582\">\n\t\t\t\t<div class=\"elementor-element elementor-element-616de90f animated-fast e-flex e-con-boxed elementor-invisible e-con e-parent\" data-id=\"616de90f\" data-element_type=\"container\" data-settings=\"{&quot;animation&quot;:&quot;fadeIn&quot;}\" data-core-v316-plus=\"true\">\n\t\t\t\t\t<div class=\"e-con-inner\">\n\t\t<div class=\"elementor-element elementor-element-537eb9f7 e-con-full e-flex e-con e-child\" data-id=\"537eb9f7\" data-element_type=\"container\">\n\t\t\t\t<div class=\"elementor-element elementor-element-670a5105 elementor-widget elementor-widget-text-editor\" data-id=\"670a5105\" data-element_type=\"widget\" data-widget_type=\"text-editor.default\">\n\t\t\t\t<div class=\"elementor-widget-container\">\n\t\t\t<style>\/*! elementor - v3.20.0 - 20-03-2024 *\/\n.elementor-widget-text-editor.elementor-drop-cap-view-stacked .elementor-drop-cap{background-color:#69727d;color:#fff}.elementor-widget-text-editor.elementor-drop-cap-view-framed .elementor-drop-cap{color:#69727d;border:3px solid;background-color:transparent}.elementor-widget-text-editor:not(.elementor-drop-cap-view-default) .elementor-drop-cap{margin-top:8px}.elementor-widget-text-editor:not(.elementor-drop-cap-view-default) .elementor-drop-cap-letter{width:1em;height:1em}.elementor-widget-text-editor .elementor-drop-cap{float:left;text-align:center;line-height:1;font-size:50px}.elementor-widget-text-editor .elementor-drop-cap-letter{display:inline-block}<\/style>\t\t\t\t<p><strong>Direcci\u00f3n<\/strong><br \/>Rua M\u00e1rtires de Timor, 30<br \/>2685-331, Prior Velho, Loures<\/p><p><strong>Contacto<\/strong><br \/>Ventas: (+351) 912 110 210<br \/><span style=\"font-size: 12px;\">Llamada a la red m\u00f3vil de Portugal<\/span><\/p><p>T\u00e9cnico: (+351) 919 558 358<br \/><span style=\"font-size: 12px;\">Llamada a la red m\u00f3vil de Portugal<\/span><\/p><p><strong>Email<\/strong><br \/><a href=\"mailto:service@taspremium.pt\">service@taspremium.pt<\/a><\/p>\t\t\t\t\t\t<\/div>\n\t\t\t\t<\/div>\n\t\t\t\t<\/div>\n\t\t<div class=\"elementor-element elementor-element-31a03bf9 e-con-full e-flex e-con e-child\" data-id=\"31a03bf9\" data-element_type=\"container\">\n\t\t\t\t<div class=\"elementor-element elementor-element-5fe27efe elementor-widget elementor-widget-google_maps\" data-id=\"5fe27efe\" data-element_type=\"widget\" data-widget_type=\"google_maps.default\">\n\t\t\t\t<div class=\"elementor-widget-container\">\n\t\t\t<style>\/*! elementor - v3.20.0 - 20-03-2024 *\/\n.elementor-widget-google_maps .elementor-widget-container{overflow:hidden}.elementor-widget-google_maps .elementor-custom-embed{line-height:0}.elementor-widget-google_maps iframe{height:300px}<\/style>\t\t<div class=\"elementor-custom-embed\">\n\t\t\t<iframe loading=\"lazy\"\n\t\t\t\t\tsrc=\"https:\/\/maps.google.com\/maps?q=Rua%20M%C3%A1rtires%20de%20Timor%2C%2030%202685-331%2C%20Prior%20Velho%2C%20Loures&#038;t=m&#038;z=16&#038;output=embed&#038;iwloc=near\"\n\t\t\t\t\ttitle=\"Rua M\u00e1rtires de Timor, 30 2685-331, Prior Velho, Loures\"\n\t\t\t\t\taria-label=\"Rua M\u00e1rtires de Timor, 30 2685-331, Prior Velho, Loures\"\n\t\t\t><\/iframe>\n\t\t<\/div>\n\t\t\t\t<\/div>\n\t\t\t\t<\/div>\n\t\t\t\t<\/div>\n\t\t\t\t\t<\/div>\n\t\t\t\t<\/div>\n\t\t<div class=\"elementor-element elementor-element-2971bbf3 animated-fast e-flex e-con-boxed elementor-invisible e-con e-parent\" data-id=\"2971bbf3\" data-element_type=\"container\" data-settings=\"{&quot;background_background&quot;:&quot;classic&quot;,&quot;animation&quot;:&quot;fadeIn&quot;,&quot;animation_delay&quot;:0}\" data-core-v316-plus=\"true\">\n\t\t\t\t\t<div class=\"e-con-inner\">\n\t\t<div class=\"elementor-element elementor-element-3e917e7d e-flex e-con-boxed e-con e-child\" data-id=\"3e917e7d\" data-element_type=\"container\">\n\t\t\t\t\t<div class=\"e-con-inner\">\n\t\t\t\t<div class=\"elementor-element elementor-element-3b9d5a2d elementor-widget elementor-widget-heading\" data-id=\"3b9d5a2d\" data-element_type=\"widget\" data-widget_type=\"heading.default\">\n\t\t\t\t<div class=\"elementor-widget-container\">\n\t\t\t<style>\/*! elementor - v3.20.0 - 20-03-2024 *\/\n.elementor-heading-title{padding:0;margin:0;line-height:1}.elementor-widget-heading .elementor-heading-title[class*=elementor-size-]>a{color:inherit;font-size:inherit;line-height:inherit}.elementor-widget-heading .elementor-heading-title.elementor-size-small{font-size:15px}.elementor-widget-heading .elementor-heading-title.elementor-size-medium{font-size:19px}.elementor-widget-heading .elementor-heading-title.elementor-size-large{font-size:29px}.elementor-widget-heading .elementor-heading-title.elementor-size-xl{font-size:39px}.elementor-widget-heading .elementor-heading-title.elementor-size-xxl{font-size:59px}<\/style><h2 class=\"elementor-heading-title elementor-size-default\">Formulario de contacto<\/h2>\t\t<\/div>\n\t\t\t\t<\/div>\n\t\t\t\t<div class=\"elementor-element elementor-element-447a1b9c elementor-widget elementor-widget-text-editor\" data-id=\"447a1b9c\" data-element_type=\"widget\" data-widget_type=\"text-editor.default\">\n\t\t\t\t<div class=\"elementor-widget-container\">\n\t\t\t\t\t\t\t<p>Su contacto es muy importante para nosotros. Env\u00edenos su pregunta. Nos comprometemos a responderle con prontitud.<\/p>\t\t\t\t\t\t<\/div>\n\t\t\t\t<\/div>\n\t\t\t\t<div class=\"elementor-element elementor-element-7d2843c9 elementor-widget elementor-widget-shortcode\" data-id=\"7d2843c9\" data-element_type=\"widget\" data-widget_type=\"shortcode.default\">\n\t\t\t\t<div class=\"elementor-widget-container\">\n\t\t\t\t\t<div class=\"elementor-shortcode\">\n<div class=\"wpcf7 no-js\" id=\"wpcf7-f1643-o1\" lang=\"pt-PT\" dir=\"ltr\">\n<div class=\"screen-reader-response\"><p role=\"status\" aria-live=\"polite\" aria-atomic=\"true\"><\/p> <ul><\/ul><\/div>\n<form action=\"\/es\/wp-json\/wp\/v2\/pages\/1582#wpcf7-f1643-o1\" method=\"post\" class=\"wpcf7-form init\" aria-label=\"Formul\u00e1rio de contacto\" novalidate=\"novalidate\" data-status=\"init\" data-trp-original-action=\"\/es\/wp-json\/wp\/v2\/pages\/1582#wpcf7-f1643-o1\">\n<div style=\"display: none;\">\n<input type=\"hidden\" name=\"_wpcf7\" value=\"1643\" \/>\n<input type=\"hidden\" name=\"_wpcf7_version\" value=\"5.9.8\" \/>\n<input type=\"hidden\" name=\"_wpcf7_locale\" value=\"pt_PT\" \/>\n<input type=\"hidden\" name=\"_wpcf7_unit_tag\" value=\"wpcf7-f1643-o1\" \/>\n<input type=\"hidden\" name=\"_wpcf7_container_post\" value=\"0\" \/>\n<input type=\"hidden\" name=\"_wpcf7_posted_data_hash\" value=\"\" \/>\n<\/div>\n<p><span class=\"wpcf7-form-control-wrap\" data-name=\"your-name\"><input size=\"40\" maxlength=\"400\" class=\"wpcf7-form-control wpcf7-text wpcf7-validates-as-required\" aria-required=\"true\" aria-invalid=\"false\" placeholder=\"Nombre*\" value=\"\" type=\"text\" name=\"your-name\" \/><\/span><span class=\"wpcf7-form-control-wrap\" data-name=\"your-email\"><input size=\"40\" maxlength=\"400\" class=\"wpcf7-form-control wpcf7-email wpcf7-validates-as-required wpcf7-text wpcf7-validates-as-email\" aria-required=\"true\" aria-invalid=\"false\" placeholder=\"Email*\" value=\"\" type=\"email\" name=\"your-email\" \/><\/span>\n<\/p>\n<p><span class=\"wpcf7-form-control-wrap\" data-name=\"your-service\"><select class=\"wpcf7-form-control wpcf7-select\" aria-invalid=\"false\" name=\"your-service\"><option value=\"Seleccione el Tipo de Servicio\">Seleccione el Tipo de Servicio<\/option><option value=\"Asistencia T\u00e9cnica\">Asistencia T\u00e9cnica<\/option><option value=\"Demo\">Demo<\/option><option value=\"Otro\">Otro<\/option><\/select><\/span>\n<\/p>\n<p><span class=\"wpcf7-form-control-wrap\" data-name=\"your-message\"><textarea cols=\"40\" rows=\"10\" maxlength=\"500\" class=\"wpcf7-form-control wpcf7-textarea wpcf7-validates-as-required\" aria-required=\"true\" aria-invalid=\"false\" placeholder=\"Mensaje*\" name=\"your-message\"><\/textarea><\/span><span class=\"wpcf7-character-count up\" data-target-name=\"your-message\" data-starting-value=\"0\" data-current-value=\"0\" data-maximum-value=\"500\">0<\/span><span class=\"wpcf7-character-count\">\/500<\/span>\n<\/p>\n<div class=\"wpcf7-legal-text\">\n\t<p>Le informamos de que sus datos personales ser\u00e1n tratados con el fin de analizar y responder a los mensajes enviados a trav\u00e9s de este formulario de contacto. Para que podamos atender su solicitud, le rogamos que confirme la declaraci\u00f3n que figura a continuaci\u00f3n:<br \/>\n<span class=\"wpcf7-form-control-wrap\" data-name=\"acceptance-67\"><span class=\"wpcf7-form-control wpcf7-acceptance\"><span class=\"wpcf7-list-item\"><label><input type=\"checkbox\" name=\"acceptance-67\" value=\"1\" aria-invalid=\"false\" \/><span class=\"wpcf7-list-item-label\">Autorizo el tratamiento de los datos personales en las condiciones y para los fines arriba indicados.<\/span><\/label><\/span><\/span><\/span>\n\t<\/p>\n<\/div>\n<p><input class=\"wpcf7-form-control wpcf7-submit has-spinner\" type=\"submit\" value=\"Enviar\" \/>\n<\/p><div class=\"wpcf7-response-output\" aria-hidden=\"true\"><\/div>\n<input type=\"hidden\" name=\"trp-form-language\" value=\"es\"\/><\/form>\n<\/div>\n<\/div>\n\t\t\t\t<\/div>\n\t\t\t\t<\/div>\n\t\t\t\t\t<\/div>\n\t\t\t\t<\/div>\n\t\t\t\t\t<\/div>\n\t\t\t\t<\/div>\n\t\t\t\t<\/div>","protected":false},"excerpt":{"rendered":"<p>Direcci\u00f3nRua M\u00e1rtires de Timor, 302685-331, Prior Velho, Loures ContactoVentas: (+351) 912 110 210Llamada a la red m\u00f3vil de Portugal T\u00e9cnico: (+351) 919 558 358Llamada a la red m\u00f3vil de Portugal Emailservice@taspremium.pt Formulario de contacto Su contacto es muy importante para nosotros. Env\u00edenos su pregunta. Nos comprometemos a responderle con prontitud.<\/p>","protected":false},"author":1,"featured_media":0,"parent":0,"menu_order":0,"comment_status":"closed","ping_status":"closed","template":"","meta":{"_monsterinsights_skip_tracking":false,"_monsterinsights_sitenote_active":false,"_monsterinsights_sitenote_note":"","_monsterinsights_sitenote_category":0,"footnotes":""},"class_list":["post-1582","page","type-page","status-publish","hentry"],"_links":{"self":[{"href":"https:\/\/taspremium.pt\/es\/wp-json\/wp\/v2\/pages\/1582","targetHints":{"allow":["GET"]}}],"collection":[{"href":"https:\/\/taspremium.pt\/es\/wp-json\/wp\/v2\/pages"}],"about":[{"href":"https:\/\/taspremium.pt\/es\/wp-json\/wp\/v2\/types\/page"}],"author":[{"embeddable":true,"href":"https:\/\/taspremium.pt\/es\/wp-json\/wp\/v2\/users\/1"}],"replies":[{"embeddable":true,"href":"https:\/\/taspremium.pt\/es\/wp-json\/wp\/v2\/comments?post=1582"}],"version-history":[{"count":19,"href":"https:\/\/taspremium.pt\/es\/wp-json\/wp\/v2\/pages\/1582\/revisions"}],"predecessor-version":[{"id":2066,"href":"https:\/\/taspremium.pt\/es\/wp-json\/wp\/v2\/pages\/1582\/revisions\/2066"}],"wp:attachment":[{"href":"https:\/\/taspremium.pt\/es\/wp-json\/wp\/v2\/media?parent=1582"}],"curies":[{"name":"wp","href":"https:\/\/api.w.org\/{rel}","templated":true}]}}