{"id":1578,"date":"2024-09-30T22:18:00","date_gmt":"2024-09-30T22:18:00","guid":{"rendered":"https:\/\/taspremium.pt\/stg\/?page_id=1578"},"modified":"2025-01-11T17:16:06","modified_gmt":"2025-01-11T17:16:06","slug":"sobre-nosotros","status":"publish","type":"page","link":"https:\/\/taspremium.pt\/es\/sobre-nosotros\/","title":{"rendered":"Sobre Nosotros"},"content":{"rendered":"<div data-elementor-type=\"wp-page\" data-elementor-id=\"1578\" class=\"elementor elementor-1578\">\n\t\t\t\t<div class=\"elementor-element elementor-element-561f59a5 animated-fast e-flex e-con-boxed elementor-invisible e-con e-parent\" data-id=\"561f59a5\" data-element_type=\"container\" data-settings=\"{&quot;animation&quot;:&quot;fadeIn&quot;}\" data-core-v316-plus=\"true\">\n\t\t\t\t\t<div class=\"e-con-inner\">\n\t\t<div class=\"elementor-element elementor-element-cdccff3 e-con-full e-flex e-con e-child\" data-id=\"cdccff3\" data-element_type=\"container\">\n\t\t\t\t<div class=\"elementor-element elementor-element-2b0afe2a elementor-widget elementor-widget-text-editor\" data-id=\"2b0afe2a\" data-element_type=\"widget\" data-widget_type=\"text-editor.default\">\n\t\t\t\t<div class=\"elementor-widget-container\">\n\t\t\t<style>\/*! elementor - v3.20.0 - 20-03-2024 *\/\n.elementor-widget-text-editor.elementor-drop-cap-view-stacked .elementor-drop-cap{background-color:#69727d;color:#fff}.elementor-widget-text-editor.elementor-drop-cap-view-framed .elementor-drop-cap{color:#69727d;border:3px solid;background-color:transparent}.elementor-widget-text-editor:not(.elementor-drop-cap-view-default) .elementor-drop-cap{margin-top:8px}.elementor-widget-text-editor:not(.elementor-drop-cap-view-default) .elementor-drop-cap-letter{width:1em;height:1em}.elementor-widget-text-editor .elementor-drop-cap{float:left;text-align:center;line-height:1;font-size:50px}.elementor-widget-text-editor .elementor-drop-cap-letter{display:inline-block}<\/style>\t\t\t\t<p>Proyecto empresarial basado en la prestaci\u00f3n de excelentes servicios en asistencia t\u00e9cnica para equipos de impresi\u00f3n de gran formato y un s\u00f3lido compromiso con la calidad y la plena satisfacci\u00f3n del cliente.<\/p><p>Elegida por innumerables organizaciones que dependen de la tecnolog\u00eda para realizar sus operaciones, TAS Premium opera en Portugal y Espa\u00f1a.<\/p><p>Comercializa su propia marca de equipos de impresi\u00f3n digital de gran formato \u2013MITSUMA\u2013 y adem\u00e1s es distribuidor oficial de soluciones de IECHO (soluciones de corte y fresado industrial) y Yaselan (equipos para impresi\u00f3n t\u00eaxtil de alta calidad con impresi\u00f3n simult\u00e1nea a ambas caras) .<\/p>\t\t\t\t\t\t<\/div>\n\t\t\t\t<\/div>\n\t\t\t\t<\/div>\n\t\t<div class=\"elementor-element elementor-element-41825588 e-con-full e-flex e-con e-child\" data-id=\"41825588\" data-element_type=\"container\">\n\t\t\t\t<div class=\"elementor-element elementor-element-4716cff1 elementor-widget elementor-widget-image\" data-id=\"4716cff1\" data-element_type=\"widget\" data-widget_type=\"image.default\">\n\t\t\t\t<div class=\"elementor-widget-container\">\n\t\t\t<style>\/*! elementor - v3.20.0 - 20-03-2024 *\/\n.elementor-widget-image{text-align:center}.elementor-widget-image a{display:inline-block}.elementor-widget-image a img[src$=\".svg\"]{width:48px}.elementor-widget-image img{vertical-align:middle;display:inline-block}<\/style>\t\t\t\t\t\t\t\t\t\t<img fetchpriority=\"high\" decoding=\"async\" width=\"1000\" height=\"667\" src=\"https:\/\/taspremium.pt\/wp-content\/uploads\/2024\/09\/luca-bravo-9l_326FISzk-unsplash_edit.jpg\" class=\"attachment-large size-large wp-image-1446\" alt=\"\" \/>\t\t\t\t\t\t\t\t\t\t\t\t\t<\/div>\n\t\t\t\t<\/div>\n\t\t\t\t<\/div>\n\t\t\t\t\t<\/div>\n\t\t\t\t<\/div>\n\t\t<div class=\"elementor-element elementor-element-1be29a0c animated-fast e-flex e-con-boxed elementor-invisible e-con e-parent\" data-id=\"1be29a0c\" data-element_type=\"container\" data-settings=\"{&quot;background_background&quot;:&quot;classic&quot;,&quot;animation&quot;:&quot;fadeIn&quot;,&quot;animation_delay&quot;:0}\" data-core-v316-plus=\"true\">\n\t\t\t\t\t<div class=\"e-con-inner\">\n\t\t<div class=\"elementor-element elementor-element-350c8b7b e-con-full e-flex e-con e-child\" data-id=\"350c8b7b\" data-element_type=\"container\">\n\t\t\t\t<div class=\"elementor-element elementor-element-73add60d elementor-widget elementor-widget-image\" data-id=\"73add60d\" data-element_type=\"widget\" data-widget_type=\"image.default\">\n\t\t\t\t<div class=\"elementor-widget-container\">\n\t\t\t\t\t\t\t\t\t\t\t\t\t<img decoding=\"async\" width=\"150\" height=\"150\" src=\"https:\/\/taspremium.pt\/wp-content\/uploads\/2024\/03\/ic_mission-aboutus.svg\" class=\"attachment-thumbnail size-thumbnail wp-image-783\" alt=\"\" \/>\t\t\t\t\t\t\t\t\t\t\t\t\t<\/div>\n\t\t\t\t<\/div>\n\t\t\t\t<\/div>\n\t\t<div class=\"elementor-element elementor-element-36e99ec5 e-con-full e-flex e-con e-child\" data-id=\"36e99ec5\" data-element_type=\"container\">\n\t\t\t\t<div class=\"elementor-element elementor-element-6a961f1 elementor-widget elementor-widget-heading\" data-id=\"6a961f1\" data-element_type=\"widget\" data-widget_type=\"heading.default\">\n\t\t\t\t<div class=\"elementor-widget-container\">\n\t\t\t<style>\/*! elementor - v3.20.0 - 20-03-2024 *\/\n.elementor-heading-title{padding:0;margin:0;line-height:1}.elementor-widget-heading .elementor-heading-title[class*=elementor-size-]>a{color:inherit;font-size:inherit;line-height:inherit}.elementor-widget-heading .elementor-heading-title.elementor-size-small{font-size:15px}.elementor-widget-heading .elementor-heading-title.elementor-size-medium{font-size:19px}.elementor-widget-heading .elementor-heading-title.elementor-size-large{font-size:29px}.elementor-widget-heading .elementor-heading-title.elementor-size-xl{font-size:39px}.elementor-widget-heading .elementor-heading-title.elementor-size-xxl{font-size:59px}<\/style><h2 class=\"elementor-heading-title elementor-size-default\">Misi\u00f3n<\/h2>\t\t<\/div>\n\t\t\t\t<\/div>\n\t\t\t\t<div class=\"elementor-element elementor-element-7af73708 elementor-widget elementor-widget-text-editor\" data-id=\"7af73708\" data-element_type=\"widget\" data-widget_type=\"text-editor.default\">\n\t\t\t\t<div class=\"elementor-widget-container\">\n\t\t\t\t\t\t\t<p class=\"p1\">Prestaci\u00f3n de servicios de destacada calidad a trav\u00e9s de Recursos Humanos experimentados y altamente especializados, con el objetivo principal de garantizar la plena satisfacci\u00f3n de las necesidades y expectativas de clientes y partners.<\/p>\t\t\t\t\t\t<\/div>\n\t\t\t\t<\/div>\n\t\t\t\t<\/div>\n\t\t\t\t\t<\/div>\n\t\t\t\t<\/div>\n\t\t<div class=\"elementor-element elementor-element-1e1011e9 animated-fast e-flex e-con-boxed elementor-invisible e-con e-parent\" data-id=\"1e1011e9\" data-element_type=\"container\" data-settings=\"{&quot;background_background&quot;:&quot;classic&quot;,&quot;animation&quot;:&quot;fadeIn&quot;,&quot;animation_delay&quot;:0}\" data-core-v316-plus=\"true\">\n\t\t\t\t\t<div class=\"e-con-inner\">\n\t\t<div class=\"elementor-element elementor-element-4063eefb e-con-full e-flex e-con e-child\" data-id=\"4063eefb\" data-element_type=\"container\">\n\t\t\t\t<div class=\"elementor-element elementor-element-3b4597ae elementor-widget elementor-widget-heading\" data-id=\"3b4597ae\" data-element_type=\"widget\" data-widget_type=\"heading.default\">\n\t\t\t\t<div class=\"elementor-widget-container\">\n\t\t\t<h2 class=\"elementor-heading-title elementor-size-default\">Visi\u00f3n<\/h2>\t\t<\/div>\n\t\t\t\t<\/div>\n\t\t\t\t<div class=\"elementor-element elementor-element-5cb470ed elementor-widget elementor-widget-text-editor\" data-id=\"5cb470ed\" data-element_type=\"widget\" data-widget_type=\"text-editor.default\">\n\t\t\t\t<div class=\"elementor-widget-container\">\n\t\t\t\t\t\t\t<p class=\"p1\">Distinci\u00f3n por la calidad, fidelizando a sus clientes mediante la prestaci\u00f3n de excelentes servicios al mercado portugu\u00e9s y espa\u00f1ol.<\/p>\t\t\t\t\t\t<\/div>\n\t\t\t\t<\/div>\n\t\t\t\t<\/div>\n\t\t<div class=\"elementor-element elementor-element-5eddb02a e-con-full e-flex e-con e-child\" data-id=\"5eddb02a\" data-element_type=\"container\">\n\t\t\t\t<div class=\"elementor-element elementor-element-5759be9c elementor-widget elementor-widget-image\" data-id=\"5759be9c\" data-element_type=\"widget\" data-widget_type=\"image.default\">\n\t\t\t\t<div class=\"elementor-widget-container\">\n\t\t\t\t\t\t\t\t\t\t\t\t\t<img decoding=\"async\" width=\"150\" height=\"150\" src=\"https:\/\/taspremium.pt\/wp-content\/uploads\/2024\/03\/ic_vision-aboutus.svg\" class=\"attachment-thumbnail size-thumbnail wp-image-785\" alt=\"\" \/>\t\t\t\t\t\t\t\t\t\t\t\t\t<\/div>\n\t\t\t\t<\/div>\n\t\t\t\t<\/div>\n\t\t\t\t\t<\/div>\n\t\t\t\t<\/div>\n\t\t<div class=\"elementor-element elementor-element-7227fadb animated-fast e-flex e-con-boxed elementor-invisible e-con e-parent\" data-id=\"7227fadb\" data-element_type=\"container\" data-settings=\"{&quot;background_background&quot;:&quot;classic&quot;,&quot;animation&quot;:&quot;fadeIn&quot;,&quot;animation_delay&quot;:0}\" data-core-v316-plus=\"true\">\n\t\t\t\t\t<div class=\"e-con-inner\">\n\t\t<div class=\"elementor-element elementor-element-2644f34 e-con-full e-flex e-con e-child\" data-id=\"2644f34\" data-element_type=\"container\">\n\t\t\t\t<div class=\"elementor-element elementor-element-3cff6d68 elementor-widget elementor-widget-image\" data-id=\"3cff6d68\" data-element_type=\"widget\" data-widget_type=\"image.default\">\n\t\t\t\t<div class=\"elementor-widget-container\">\n\t\t\t\t\t\t\t\t\t\t\t\t\t<img loading=\"lazy\" decoding=\"async\" width=\"150\" height=\"150\" src=\"https:\/\/taspremium.pt\/wp-content\/uploads\/2024\/03\/ic_values-aboutus.svg\" class=\"attachment-thumbnail size-thumbnail wp-image-784\" alt=\"\" \/>\t\t\t\t\t\t\t\t\t\t\t\t\t<\/div>\n\t\t\t\t<\/div>\n\t\t\t\t<\/div>\n\t\t<div class=\"elementor-element elementor-element-5b648d47 e-con-full e-flex e-con e-child\" data-id=\"5b648d47\" data-element_type=\"container\">\n\t\t\t\t<div class=\"elementor-element elementor-element-11071839 elementor-widget elementor-widget-heading\" data-id=\"11071839\" data-element_type=\"widget\" data-widget_type=\"heading.default\">\n\t\t\t\t<div class=\"elementor-widget-container\">\n\t\t\t<h2 class=\"elementor-heading-title elementor-size-default\">Valores<\/h2>\t\t<\/div>\n\t\t\t\t<\/div>\n\t\t\t\t<div class=\"elementor-element elementor-element-2462501e elementor-widget elementor-widget-text-editor\" data-id=\"2462501e\" data-element_type=\"widget\" data-widget_type=\"text-editor.default\">\n\t\t\t\t<div class=\"elementor-widget-container\">\n\t\t\t\t\t\t\t<p class=\"p1\">Integridad, respeto, rigor y calidad hacia clientes, colaboradores, partners y proveedores.<\/p>\t\t\t\t\t\t<\/div>\n\t\t\t\t<\/div>\n\t\t\t\t<\/div>\n\t\t\t\t\t<\/div>\n\t\t\t\t<\/div>\n\t\t\t\t<\/div>","protected":false},"excerpt":{"rendered":"<p>Proyecto empresarial basado en la prestaci\u00f3n de excelentes servicios en asistencia t\u00e9cnica para equipos de impresi\u00f3n de gran formato y un s\u00f3lido compromiso con la calidad y la plena satisfacci\u00f3n del cliente. Elegida por innumerables organizaciones que dependen de la tecnolog\u00eda para realizar sus operaciones, TAS Premium opera en Portugal y Espa\u00f1a. Comercializa su propia [&hellip;]<\/p>","protected":false},"author":1,"featured_media":0,"parent":0,"menu_order":0,"comment_status":"closed","ping_status":"closed","template":"","meta":{"_monsterinsights_skip_tracking":false,"_monsterinsights_sitenote_active":false,"_monsterinsights_sitenote_note":"","_monsterinsights_sitenote_category":0,"footnotes":""},"class_list":["post-1578","page","type-page","status-publish","hentry"],"_links":{"self":[{"href":"https:\/\/taspremium.pt\/es\/wp-json\/wp\/v2\/pages\/1578","targetHints":{"allow":["GET"]}}],"collection":[{"href":"https:\/\/taspremium.pt\/es\/wp-json\/wp\/v2\/pages"}],"about":[{"href":"https:\/\/taspremium.pt\/es\/wp-json\/wp\/v2\/types\/page"}],"author":[{"embeddable":true,"href":"https:\/\/taspremium.pt\/es\/wp-json\/wp\/v2\/users\/1"}],"replies":[{"embeddable":true,"href":"https:\/\/taspremium.pt\/es\/wp-json\/wp\/v2\/comments?post=1578"}],"version-history":[{"count":25,"href":"https:\/\/taspremium.pt\/es\/wp-json\/wp\/v2\/pages\/1578\/revisions"}],"predecessor-version":[{"id":1953,"href":"https:\/\/taspremium.pt\/es\/wp-json\/wp\/v2\/pages\/1578\/revisions\/1953"}],"wp:attachment":[{"href":"https:\/\/taspremium.pt\/es\/wp-json\/wp\/v2\/media?parent=1578"}],"curies":[{"name":"wp","href":"https:\/\/api.w.org\/{rel}","templated":true}]}}