{"id":1568,"date":"2024-09-30T22:09:48","date_gmt":"2024-09-30T22:09:48","guid":{"rendered":"https:\/\/taspremium.pt\/stg\/?page_id=1568"},"modified":"2025-11-14T10:51:06","modified_gmt":"2025-11-14T10:51:06","slug":"areas-de-actividad","status":"publish","type":"page","link":"https:\/\/taspremium.pt\/es\/areas-de-actividad\/","title":{"rendered":"\u00c1reas de Actividad"},"content":{"rendered":"<div data-elementor-type=\"wp-page\" data-elementor-id=\"1568\" class=\"elementor elementor-1568\">\n\t\t\t\t<div class=\"elementor-element elementor-element-32f913d animated-fast e-flex e-con-boxed elementor-invisible e-con e-parent\" data-id=\"32f913d\" data-element_type=\"container\" data-settings=\"{&quot;animation&quot;:&quot;fadeIn&quot;}\" data-core-v316-plus=\"true\">\n\t\t\t\t\t<div class=\"e-con-inner\">\n\t\t<div class=\"elementor-element elementor-element-590ca9a e-con-full e-flex e-con e-child\" data-id=\"590ca9a\" data-element_type=\"container\" data-settings=\"{&quot;background_background&quot;:&quot;classic&quot;}\">\n\t\t\t\t<div class=\"elementor-element elementor-element-20743138 elementor-widget elementor-widget-image\" data-id=\"20743138\" data-element_type=\"widget\" data-widget_type=\"image.default\">\n\t\t\t\t<div class=\"elementor-widget-container\">\n\t\t\t<style>\/*! elementor - v3.20.0 - 20-03-2024 *\/\n.elementor-widget-image{text-align:center}.elementor-widget-image a{display:inline-block}.elementor-widget-image a img[src$=\".svg\"]{width:48px}.elementor-widget-image img{vertical-align:middle;display:inline-block}<\/style>\t\t\t\t\t\t\t\t\t\t<img fetchpriority=\"high\" decoding=\"async\" width=\"1000\" height=\"600\" src=\"https:\/\/taspremium.pt\/wp-content\/uploads\/2024\/10\/areas-de-negocio_textil.png\" class=\"attachment-full size-full wp-image-1823\" alt=\"\" srcset=\"https:\/\/taspremium.pt\/wp-content\/uploads\/2024\/10\/areas-de-negocio_textil.png 1000w, https:\/\/taspremium.pt\/wp-content\/uploads\/2024\/10\/areas-de-negocio_textil-18x12.png 18w\" sizes=\"(max-width: 1000px) 100vw, 1000px\" \/>\t\t\t\t\t\t\t\t\t\t\t\t\t<\/div>\n\t\t\t\t<\/div>\n\t\t\t\t<div class=\"elementor-element elementor-element-6de963c1 elementor-widget elementor-widget-heading\" data-id=\"6de963c1\" data-element_type=\"widget\" data-widget_type=\"heading.default\">\n\t\t\t\t<div class=\"elementor-widget-container\">\n\t\t\t<style>\/*! elementor - v3.20.0 - 20-03-2024 *\/\n.elementor-heading-title{padding:0;margin:0;line-height:1}.elementor-widget-heading .elementor-heading-title[class*=elementor-size-]>a{color:inherit;font-size:inherit;line-height:inherit}.elementor-widget-heading .elementor-heading-title.elementor-size-small{font-size:15px}.elementor-widget-heading .elementor-heading-title.elementor-size-medium{font-size:19px}.elementor-widget-heading .elementor-heading-title.elementor-size-large{font-size:29px}.elementor-widget-heading .elementor-heading-title.elementor-size-xl{font-size:39px}.elementor-widget-heading .elementor-heading-title.elementor-size-xxl{font-size:59px}<\/style><h5 class=\"elementor-heading-title elementor-size-default\">Textil<\/h5>\t\t<\/div>\n\t\t\t\t<\/div>\n\t\t\t\t<div class=\"elementor-element elementor-element-424045e9 elementor-widget elementor-widget-text-editor\" data-id=\"424045e9\" data-element_type=\"widget\" data-widget_type=\"text-editor.default\">\n\t\t\t\t<div class=\"elementor-widget-container\">\n\t\t\t<style>\/*! elementor - v3.20.0 - 20-03-2024 *\/\n.elementor-widget-text-editor.elementor-drop-cap-view-stacked .elementor-drop-cap{background-color:#69727d;color:#fff}.elementor-widget-text-editor.elementor-drop-cap-view-framed .elementor-drop-cap{color:#69727d;border:3px solid;background-color:transparent}.elementor-widget-text-editor:not(.elementor-drop-cap-view-default) .elementor-drop-cap{margin-top:8px}.elementor-widget-text-editor:not(.elementor-drop-cap-view-default) .elementor-drop-cap-letter{width:1em;height:1em}.elementor-widget-text-editor .elementor-drop-cap{float:left;text-align:center;line-height:1;font-size:50px}.elementor-widget-text-editor .elementor-drop-cap-letter{display:inline-block}<\/style>\t\t\t\t<p class=\"p1\">Tecnolog\u00eda de impresi\u00f3n innovadora y de alto rendimiento disponible en versiones de impresi\u00f3n a 1 o 2 caras.<\/p>\t\t\t\t\t\t<\/div>\n\t\t\t\t<\/div>\n\t\t\t\t<\/div>\n\t\t<div class=\"elementor-element elementor-element-86e83b0 e-con-full e-flex e-con e-child\" data-id=\"86e83b0\" data-element_type=\"container\" data-settings=\"{&quot;background_background&quot;:&quot;classic&quot;}\">\n\t\t\t\t<div class=\"elementor-element elementor-element-56fb9b7f elementor-widget elementor-widget-image\" data-id=\"56fb9b7f\" data-element_type=\"widget\" data-widget_type=\"image.default\">\n\t\t\t\t<div class=\"elementor-widget-container\">\n\t\t\t\t\t\t\t\t\t\t\t\t\t<img decoding=\"async\" width=\"1000\" height=\"600\" src=\"https:\/\/taspremium.pt\/wp-content\/uploads\/2024\/10\/areas-de-negocio_impresao-digital.png\" class=\"attachment-full size-full wp-image-1824\" alt=\"\" srcset=\"https:\/\/taspremium.pt\/wp-content\/uploads\/2024\/10\/areas-de-negocio_impresao-digital.png 1000w, https:\/\/taspremium.pt\/wp-content\/uploads\/2024\/10\/areas-de-negocio_impresao-digital-18x12.png 18w\" sizes=\"(max-width: 1000px) 100vw, 1000px\" \/>\t\t\t\t\t\t\t\t\t\t\t\t\t<\/div>\n\t\t\t\t<\/div>\n\t\t\t\t<div class=\"elementor-element elementor-element-7f41e790 elementor-widget elementor-widget-heading\" data-id=\"7f41e790\" data-element_type=\"widget\" data-widget_type=\"heading.default\">\n\t\t\t\t<div class=\"elementor-widget-container\">\n\t\t\t<h5 class=\"elementor-heading-title elementor-size-default\">Impresi\u00f3n Digital<\/h5>\t\t<\/div>\n\t\t\t\t<\/div>\n\t\t\t\t<div class=\"elementor-element elementor-element-3d843779 elementor-widget elementor-widget-text-editor\" data-id=\"3d843779\" data-element_type=\"widget\" data-widget_type=\"text-editor.default\">\n\t\t\t\t<div class=\"elementor-widget-container\">\n\t\t\t\t\t\t\t<p>Tecnolog\u00eda punta precisa, flexible y competitiva. Descubra c\u00f3mo puede marcar la diferencia.<\/p>\t\t\t\t\t\t<\/div>\n\t\t\t\t<\/div>\n\t\t\t\t<\/div>\n\t\t<div class=\"elementor-element elementor-element-3a638894 e-con-full e-flex e-con e-child\" data-id=\"3a638894\" data-element_type=\"container\" data-settings=\"{&quot;background_background&quot;:&quot;classic&quot;}\">\n\t\t\t\t<div class=\"elementor-element elementor-element-440ac696 elementor-widget elementor-widget-image\" data-id=\"440ac696\" data-element_type=\"widget\" data-widget_type=\"image.default\">\n\t\t\t\t<div class=\"elementor-widget-container\">\n\t\t\t\t\t\t\t\t\t\t\t\t\t<img decoding=\"async\" width=\"1000\" height=\"600\" src=\"https:\/\/taspremium.pt\/wp-content\/uploads\/2024\/10\/areas-de-negocio_packaging.png\" class=\"attachment-full size-full wp-image-1826\" alt=\"\" srcset=\"https:\/\/taspremium.pt\/wp-content\/uploads\/2024\/10\/areas-de-negocio_packaging.png 1000w, https:\/\/taspremium.pt\/wp-content\/uploads\/2024\/10\/areas-de-negocio_packaging-18x12.png 18w\" sizes=\"(max-width: 1000px) 100vw, 1000px\" \/>\t\t\t\t\t\t\t\t\t\t\t\t\t<\/div>\n\t\t\t\t<\/div>\n\t\t\t\t<div class=\"elementor-element elementor-element-1cab5c02 elementor-widget elementor-widget-heading\" data-id=\"1cab5c02\" data-element_type=\"widget\" data-widget_type=\"heading.default\">\n\t\t\t\t<div class=\"elementor-widget-container\">\n\t\t\t<h5 class=\"elementor-heading-title elementor-size-default\">Embalaje<\/h5>\t\t<\/div>\n\t\t\t\t<\/div>\n\t\t\t\t<div class=\"elementor-element elementor-element-53c418a0 elementor-widget elementor-widget-text-editor\" data-id=\"53c418a0\" data-element_type=\"widget\" data-widget_type=\"text-editor.default\">\n\t\t\t\t<div class=\"elementor-widget-container\">\n\t\t\t\t\t\t\t<p>Soluciones de impresi\u00f3n de alta calidad dedicadas exclusivamente a este sector industrial con posibilidad de personalizaci\u00f3n.<\/p>\t\t\t\t\t\t<\/div>\n\t\t\t\t<\/div>\n\t\t\t\t<\/div>\n\t\t<div class=\"elementor-element elementor-element-3b9c91bd e-con-full e-flex e-con e-child\" data-id=\"3b9c91bd\" data-element_type=\"container\" data-settings=\"{&quot;background_background&quot;:&quot;classic&quot;}\">\n\t\t\t\t<div class=\"elementor-element elementor-element-7e29991e elementor-widget elementor-widget-image\" data-id=\"7e29991e\" data-element_type=\"widget\" data-widget_type=\"image.default\">\n\t\t\t\t<div class=\"elementor-widget-container\">\n\t\t\t\t\t\t\t\t\t\t\t\t\t<img loading=\"lazy\" decoding=\"async\" width=\"1000\" height=\"600\" src=\"https:\/\/taspremium.pt\/wp-content\/uploads\/2024\/10\/areas-de-negocio_corte.png\" class=\"attachment-full size-full wp-image-1825\" alt=\"\" srcset=\"https:\/\/taspremium.pt\/wp-content\/uploads\/2024\/10\/areas-de-negocio_corte.png 1000w, https:\/\/taspremium.pt\/wp-content\/uploads\/2024\/10\/areas-de-negocio_corte-18x12.png 18w\" sizes=\"(max-width: 1000px) 100vw, 1000px\" \/>\t\t\t\t\t\t\t\t\t\t\t\t\t<\/div>\n\t\t\t\t<\/div>\n\t\t\t\t<div class=\"elementor-element elementor-element-69d00d40 elementor-widget elementor-widget-heading\" data-id=\"69d00d40\" data-element_type=\"widget\" data-widget_type=\"heading.default\">\n\t\t\t\t<div class=\"elementor-widget-container\">\n\t\t\t<h5 class=\"elementor-heading-title elementor-size-default\">Corte<\/h5>\t\t<\/div>\n\t\t\t\t<\/div>\n\t\t\t\t<div class=\"elementor-element elementor-element-638bdb78 elementor-widget elementor-widget-text-editor\" data-id=\"638bdb78\" data-element_type=\"widget\" data-widget_type=\"text-editor.default\">\n\t\t\t\t<div class=\"elementor-widget-container\">\n\t\t\t\t\t\t\t<p class=\"p1\">Soluciones tecnol\u00f3gicas de alta precisi\u00f3n, ideales para completar proyectos en textil, packaging y comunicaci\u00f3n visual.<\/p>\t\t\t\t\t\t<\/div>\n\t\t\t\t<\/div>\n\t\t\t\t<\/div>\n\t\t\t\t\t<\/div>\n\t\t\t\t<\/div>\n\t\t<div class=\"elementor-element elementor-element-18817937 e-flex e-con-boxed e-con e-parent\" data-id=\"18817937\" data-element_type=\"container\" data-core-v316-plus=\"true\">\n\t\t\t\t\t<div class=\"e-con-inner\">\n\t\t\t\t<div class=\"elementor-element elementor-element-7b9f0666 elementor-widget elementor-widget-heading\" data-id=\"7b9f0666\" data-element_type=\"widget\" data-widget_type=\"heading.default\">\n\t\t\t\t<div class=\"elementor-widget-container\">\n\t\t\t<h4 class=\"elementor-heading-title elementor-size-default\">Soluciones tecnol\u00f3gicas innovadoras para impulsar su negocio<\/h4>\t\t<\/div>\n\t\t\t\t<\/div>\n\t\t\t\t\t<\/div>\n\t\t\t\t<\/div>\n\t\t<div class=\"elementor-element elementor-element-474dac41 animated-fast e-flex e-con-boxed elementor-invisible e-con e-parent\" data-id=\"474dac41\" data-element_type=\"container\" data-settings=\"{&quot;animation&quot;:&quot;fadeIn&quot;}\" data-core-v316-plus=\"true\">\n\t\t\t\t\t<div class=\"e-con-inner\">\n\t\t<div class=\"elementor-element elementor-element-15328d50 e-con-full e-flex e-con e-child\" data-id=\"15328d50\" data-element_type=\"container\" data-settings=\"{&quot;background_background&quot;:&quot;classic&quot;}\">\n\t\t\t\t<div class=\"elementor-element elementor-element-2b6ed1de elementor-widget elementor-widget-image\" data-id=\"2b6ed1de\" data-element_type=\"widget\" data-widget_type=\"image.default\">\n\t\t\t\t<div class=\"elementor-widget-container\">\n\t\t\t\t\t\t\t\t\t\t\t\t\t\t<a href=\"https:\/\/mitsuma.pt\/\" target=\"_blank\">\n\t\t\t\t\t\t\t<img loading=\"lazy\" decoding=\"async\" width=\"1042\" height=\"625\" src=\"https:\/\/taspremium.pt\/wp-content\/uploads\/2024\/10\/mitsuma.png\" class=\"attachment-full size-full wp-image-1670\" alt=\"\" \/>\t\t\t\t\t\t\t\t<\/a>\n\t\t\t\t\t\t\t\t\t\t\t\t\t<\/div>\n\t\t\t\t<\/div>\n\t\t\t\t<\/div>\n\t\t<div class=\"elementor-element elementor-element-3e87916f e-con-full e-flex e-con e-child\" data-id=\"3e87916f\" data-element_type=\"container\" data-settings=\"{&quot;background_background&quot;:&quot;classic&quot;}\">\n\t\t\t\t<div class=\"elementor-element elementor-element-db10083 elementor-widget elementor-widget-image\" data-id=\"db10083\" data-element_type=\"widget\" data-widget_type=\"image.default\">\n\t\t\t\t<div class=\"elementor-widget-container\">\n\t\t\t\t\t\t\t\t\t\t\t\t\t<img loading=\"lazy\" decoding=\"async\" width=\"1042\" height=\"625\" src=\"https:\/\/taspremium.pt\/wp-content\/uploads\/2024\/09\/yaselan.png\" class=\"attachment-full size-full wp-image-1477\" alt=\"\" \/>\t\t\t\t\t\t\t\t\t\t\t\t\t<\/div>\n\t\t\t\t<\/div>\n\t\t\t\t<\/div>\n\t\t<div class=\"elementor-element elementor-element-26a25098 e-con-full e-flex e-con e-child\" data-id=\"26a25098\" data-element_type=\"container\" data-settings=\"{&quot;background_background&quot;:&quot;classic&quot;}\">\n\t\t\t\t<div class=\"elementor-element elementor-element-29dd8282 elementor-widget elementor-widget-image\" data-id=\"29dd8282\" data-element_type=\"widget\" data-widget_type=\"image.default\">\n\t\t\t\t<div class=\"elementor-widget-container\">\n\t\t\t\t\t\t\t\t\t\t\t\t\t<img loading=\"lazy\" decoding=\"async\" width=\"1042\" height=\"625\" src=\"https:\/\/taspremium.pt\/wp-content\/uploads\/2024\/09\/iecho.png\" class=\"attachment-full size-full wp-image-1480\" alt=\"\" \/>\t\t\t\t\t\t\t\t\t\t\t\t\t<\/div>\n\t\t\t\t<\/div>\n\t\t\t\t<\/div>\n\t\t\t\t\t<\/div>\n\t\t\t\t<\/div>\n\t\t<div class=\"elementor-element elementor-element-37af031b e-flex e-con-boxed e-con e-parent\" data-id=\"37af031b\" data-element_type=\"container\" data-core-v316-plus=\"true\">\n\t\t\t\t\t<div class=\"e-con-inner\">\n\t\t\t\t\t<\/div>\n\t\t\t\t<\/div>\n\t\t\t\t<\/div>","protected":false},"excerpt":{"rendered":"<p>Textil Tecnolog\u00eda de impresi\u00f3n innovadora y de alto rendimiento disponible en versiones de impresi\u00f3n a 1 o 2 caras. Impresi\u00f3n Digital Tecnolog\u00eda punta precisa, flexible y competitiva. Descubra c\u00f3mo puede marcar la diferencia. Embalaje Soluciones de impresi\u00f3n de alta calidad dedicadas exclusivamente a este sector industrial con posibilidad de personalizaci\u00f3n. Corte Soluciones tecnol\u00f3gicas de alta [&hellip;]<\/p>","protected":false},"author":1,"featured_media":0,"parent":0,"menu_order":0,"comment_status":"closed","ping_status":"closed","template":"","meta":{"_monsterinsights_skip_tracking":false,"_monsterinsights_sitenote_active":false,"_monsterinsights_sitenote_note":"","_monsterinsights_sitenote_category":0,"footnotes":""},"class_list":["post-1568","page","type-page","status-publish","hentry"],"_links":{"self":[{"href":"https:\/\/taspremium.pt\/es\/wp-json\/wp\/v2\/pages\/1568","targetHints":{"allow":["GET"]}}],"collection":[{"href":"https:\/\/taspremium.pt\/es\/wp-json\/wp\/v2\/pages"}],"about":[{"href":"https:\/\/taspremium.pt\/es\/wp-json\/wp\/v2\/types\/page"}],"author":[{"embeddable":true,"href":"https:\/\/taspremium.pt\/es\/wp-json\/wp\/v2\/users\/1"}],"replies":[{"embeddable":true,"href":"https:\/\/taspremium.pt\/es\/wp-json\/wp\/v2\/comments?post=1568"}],"version-history":[{"count":24,"href":"https:\/\/taspremium.pt\/es\/wp-json\/wp\/v2\/pages\/1568\/revisions"}],"predecessor-version":[{"id":2024,"href":"https:\/\/taspremium.pt\/es\/wp-json\/wp\/v2\/pages\/1568\/revisions\/2024"}],"wp:attachment":[{"href":"https:\/\/taspremium.pt\/es\/wp-json\/wp\/v2\/media?parent=1568"}],"curies":[{"name":"wp","href":"https:\/\/api.w.org\/{rel}","templated":true}]}}